{"id":3,"date":"2019-11-09T19:19:59","date_gmt":"2019-11-09T19:19:59","guid":{"rendered":"https:\/\/vestp.ee\/?page_id=3"},"modified":"2019-12-29T11:20:21","modified_gmt":"2019-12-29T11:20:21","slug":"privacy-policy","status":"publish","type":"page","link":"https:\/\/juristtallinn.ee\/ru\/privacy-policy\/","title":{"rendered":"Privacy Policy"},"content":{"rendered":"<div class=\"wpb-content-wrapper\"><p>[vc_row][vc_column][vc_column_text]<\/p>\n<h2><strong>K\u00dcPSISED<\/strong><\/h2>\n<p>Vesterinen Partnerid O\u00dc (edaspidi\u00a0<strong>Vesterinen Partnerid<\/strong>) haldab\u00a0j\u00e4rgmine veebileht: https:\/\/www.vestp.ee<\/p>\n<p><strong>Vesterinen Partnerid O\u00dc salvestab k\u00fcpsiseid<\/strong><\/p>\n<p>Kasutame veebilehel k\u00fcpsiseid ja k\u00fcpsistega sarnanevaid tehnoloogilisi lahendusi (\u201ek\u00fcpsised\u201c), mis saadetakse ja salvestatakse kasutaja arvutisse veebilehtede poolt, mida Kasutaja k\u00fclastab. K\u00fcpsis salvestatakse kasutaja veebilehitseja failikataloogis. Juhul, kui kasutaja on k\u00fclastanud veebilehte varem, loeb veebilehitseja k\u00fcpsist ning edastab vastava teabe veebilehele v\u00f5i elemendile, mis k\u00fcpsise algselt salvestas. Lisateave k\u00fcpsiste kohta on k\u00e4ttesaadav veebilehel <a href=\"http:\/\/www.aboutcookies.org\">www.aboutcookies.org<\/a>. K\u00fcpsised v\u00f5imaldavad j\u00e4lgida veebilehe kasutusstatistikat, erinevate veebilehe osade kasutatavust ning veebilehel tehtavaid toiminguid. K\u00fcpsisest saadavat teavet kasutatakse veebilehe kasutusmugavuse, sisu parandamise ja turunduse suunamise eesm\u00e4rgil.<\/p>\n<p>Vesterinen Partnedid O\u00dc kuuluvad domeenid v\u00f5ivad muuhulgas sisaldada elemente, mis salvestavad k\u00fcpsiseid kolmanda isiku nimel.<\/p>\n<p><strong>Veebilehel kasutatavate k\u00fcpsiste t\u00fc\u00fcbid<\/strong><\/p>\n<ul>\n<li>P\u00fcsik\u00fcpsised on h\u00e4davajalikud veebilehel ringi liikumiseks ja selle funktsioonide kasutamiseks. P\u00fcsik\u00fcpsiste puudumisel ei saaks kasutaja kasutada k\u00f5iki veebilehe funktsioone.<\/li>\n<li>Sessioonik\u00fcpsised v\u00f5imaldavad veebilehel meelde j\u00e4tta kasutaja poolt tehtud varasemaid valikud (n\u00e4iteks kasutajanimi, keelevalik) ning seel\u00e4bi pakkuda t\u00f5husamaid ja isikup\u00e4rasemaid funktsioone.<\/li>\n<li>J\u00e4lgimisk\u00fcpsised koguvad andmeid kasutaja k\u00e4itumisest veebilehel. J\u00e4lgimisk\u00fcpsisest saadav informatsioon v\u00f5imaldab t\u00f5sta veebilehe kasutusmugavust.<\/li>\n<li>Reklaamk\u00fcpsised koguvad andmeid kasutaja sirvimisharjumuste kohta, mis omakorda v\u00f5imaldab veebilehel esitada kasutaja eelistustega koosk\u00f5las olevat reklaamisisu. Lisaks v\u00f5imaldab vastav k\u00fcpsiseliik m\u00f5\u00f5ta reklaamikampaania t\u00f5husust.<\/li>\n<\/ul>\n<p><strong>K\u00fcpsisest keeldumine<\/strong><\/p>\n<p>Kasutajal on \u00f5igus keelduda k\u00fcpsiste salvestamisest arvutisse. Veebilehitsejate k\u00fcpsiste aktsepteerimise seaded erinevad aga hoolimata sellest on v\u00f5imalik k\u00fcpsistest keelduda. Vastava soovi korral peab kasutaja muutma oma veebilehitseja seadeid. Parema \u00fclevaate saamiseks on soovitab vaadata kasutaja veebilehitseja k\u00fcpsiste haldamise suvandeid. Erit\u00fc\u00fcpi veebilehitsejad kasutavad erinevaid meetodeid k\u00fcpsiste keelamiseks. T\u00e4psem informatsioon on kuvatud veebilehel\u00a0<a href=\"http:\/\/www.aboutcookies.org\/\">www.aboutcookies.org<\/a>. Mobiiltelefoni veebilehitsejas k\u00fcpsiste keeldumise juhenditeks v\u00f5ib vaja minna mobiiliseadme kasutusjuhendi abi. K\u00fcpsiste blokeerimisel peab kasutaja arvestama, et k\u00f5ik veebilehe funktsioonid ei pruugi enam kasutajale olla k\u00e4ttesaadavad.[\/vc_column_text][\/vc_column][\/vc_row]<\/p>\n<\/div>","protected":false},"excerpt":{"rendered":"<p>[vc_row][vc_column][vc_column_text] K\u00dcPSISED Vesterinen Partnerid O\u00dc (edaspidi\u00a0Vesterinen Partnerid) haldab\u00a0j\u00e4rgmine veebileht: https:\/\/www.vestp.ee Vesterinen Partnerid O\u00dc salvestab k\u00fcpsiseid Kasutame veebilehel k\u00fcpsiseid ja k\u00fcpsistega [&hellip;]<\/p>\n","protected":false},"author":1,"featured_media":0,"parent":0,"menu_order":0,"comment_status":"closed","ping_status":"open","template":"","meta":{"footnotes":""},"class_list":["post-3","page","type-page","status-publish","hentry"],"_links":{"self":[{"href":"https:\/\/juristtallinn.ee\/ru\/wp-json\/wp\/v2\/pages\/3","targetHints":{"allow":["GET"]}}],"collection":[{"href":"https:\/\/juristtallinn.ee\/ru\/wp-json\/wp\/v2\/pages"}],"about":[{"href":"https:\/\/juristtallinn.ee\/ru\/wp-json\/wp\/v2\/types\/page"}],"author":[{"embeddable":true,"href":"https:\/\/juristtallinn.ee\/ru\/wp-json\/wp\/v2\/users\/1"}],"replies":[{"embeddable":true,"href":"https:\/\/juristtallinn.ee\/ru\/wp-json\/wp\/v2\/comments?post=3"}],"version-history":[{"count":0,"href":"https:\/\/juristtallinn.ee\/ru\/wp-json\/wp\/v2\/pages\/3\/revisions"}],"wp:attachment":[{"href":"https:\/\/juristtallinn.ee\/ru\/wp-json\/wp\/v2\/media?parent=3"}],"curies":[{"name":"wp","href":"https:\/\/api.w.org\/{rel}","templated":true}]}}